{"id":281,"date":"2023-02-16T10:31:32","date_gmt":"2023-02-16T10:31:32","guid":{"rendered":"https:\/\/hygeos.com\/?page_id=281"},"modified":"2024-03-22T11:13:29","modified_gmt":"2024-03-22T11:13:29","slug":"didier-ramon","status":"publish","type":"page","link":"https:\/\/hygeos.com\/en\/team\/didier-ramon\/","title":{"rendered":"Didier Ramon"},"content":{"rendered":"<div class=\"fusion-fullwidth fullwidth-box fusion-builder-row-1 fusion-flex-container has-pattern-background has-mask-background nonhundred-percent-fullwidth non-hundred-percent-height-scrolling\" style=\"--awb-border-radius-top-left:0px;--awb-border-radius-top-right:0px;--awb-border-radius-bottom-right:0px;--awb-border-radius-bottom-left:0px;--awb-flex-wrap:wrap;\" ><div class=\"fusion-builder-row fusion-row fusion-flex-align-items-flex-start fusion-flex-content-wrap\" style=\"max-width:1224px;margin-left: calc(-2% \/ 2 );margin-right: calc(-2% \/ 2 );\"><div class=\"fusion-layout-column fusion_builder_column fusion-builder-column-0 fusion_builder_column_1_6 1_6 fusion-flex-column\" style=\"--awb-bg-size:cover;--awb-width-large:16.666666666667%;--awb-margin-top-large:0px;--awb-spacing-right-large:5.88%;--awb-margin-bottom-large:0px;--awb-spacing-left-large:5.88%;--awb-width-medium:16.666666666667%;--awb-order-medium:0;--awb-spacing-right-medium:5.88%;--awb-spacing-left-medium:5.88%;--awb-width-small:100%;--awb-order-small:0;--awb-spacing-right-small:0.98%;--awb-spacing-left-small:0.98%;\"><div class=\"fusion-column-wrapper fusion-column-has-shadow fusion-flex-justify-content-flex-start fusion-content-layout-column\"><div class=\"fusion-builder-row fusion-builder-row-inner fusion-row fusion-flex-align-items-flex-start fusion-flex-content-wrap\" style=\"width:102% !important;max-width:102% !important;margin-left: calc(-2% \/ 2 );margin-right: calc(-2% \/ 2 );\"><div class=\"fusion-layout-column fusion_builder_column_inner fusion-builder-nested-column-0 fusion_builder_column_inner_1_1 1_1 fusion-flex-column\" style=\"--awb-bg-size:cover;--awb-width-large:100%;--awb-margin-top-large:0px;--awb-spacing-right-large:0.98%;--awb-margin-bottom-large:0px;--awb-spacing-left-large:0.98%;--awb-width-medium:100%;--awb-order-medium:0;--awb-spacing-right-medium:0.98%;--awb-spacing-left-medium:0.98%;--awb-width-small:50%;--awb-order-small:0;--awb-spacing-right-small:1.96%;--awb-spacing-left-small:1.96%;\"><div class=\"fusion-column-wrapper fusion-column-has-shadow fusion-flex-justify-content-flex-start fusion-content-layout-column\"><div class=\"fusion-image-element \" style=\"--awb-aspect-ratio:1 \/ 1;--awb-caption-title-font-family:var(--h2_typography-font-family);--awb-caption-title-font-weight:var(--h2_typography-font-weight);--awb-caption-title-font-style:var(--h2_typography-font-style);--awb-caption-title-size:var(--h2_typography-font-size);--awb-caption-title-transform:var(--h2_typography-text-transform);--awb-caption-title-line-height:var(--h2_typography-line-height);--awb-caption-title-letter-spacing:var(--h2_typography-letter-spacing);\"><span class=\" fusion-imageframe imageframe-none imageframe-1 hover-type-none has-aspect-ratio\" style=\"border-radius:15px;\"><img decoding=\"async\" width=\"500\" height=\"500\" alt=\"Didier Ramon\" title=\"photo_DR\" src=\"https:\/\/hygeos.com\/wp-content\/uploads\/photo_DR.webp\" data-orig-src=\"http:\/\/hygeos.com\/wp-content\/uploads\/photo_DR.webp\" class=\"lazyload img-responsive wp-image-2995 img-with-aspect-ratio\" data-parent-fit=\"cover\" data-parent-container=\".fusion-image-element\" srcset=\"data:image\/svg+xml,%3Csvg%20xmlns%3D%27http%3A%2F%2Fwww.w3.org%2F2000%2Fsvg%27%20width%3D%27500%27%20height%3D%27500%27%20viewBox%3D%270%200%20500%20500%27%3E%3Crect%20width%3D%27500%27%20height%3D%27500%27%20fill-opacity%3D%220%22%2F%3E%3C%2Fsvg%3E\" data-srcset=\"https:\/\/hygeos.com\/wp-content\/uploads\/photo_DR-200x200.webp 200w, https:\/\/hygeos.com\/wp-content\/uploads\/photo_DR-400x400.webp 400w, https:\/\/hygeos.com\/wp-content\/uploads\/photo_DR.webp 500w\" data-sizes=\"auto\" data-orig-sizes=\"(max-width: 640px) 100vw, 500px\" \/><\/span><\/div><\/div><\/div><\/div><\/div><\/div><div class=\"fusion-layout-column fusion_builder_column fusion-builder-column-1 fusion_builder_column_5_6 5_6 fusion-flex-column\" style=\"--awb-bg-size:cover;--awb-width-large:83.333333333333%;--awb-margin-top-large:0px;--awb-spacing-right-large:1.176%;--awb-margin-bottom-large:0px;--awb-spacing-left-large:1.176%;--awb-width-medium:83.333333333333%;--awb-order-medium:0;--awb-spacing-right-medium:1.176%;--awb-spacing-left-medium:1.176%;--awb-width-small:100%;--awb-order-small:0;--awb-spacing-right-small:0.98%;--awb-spacing-left-small:0.98%;\"><div class=\"fusion-column-wrapper fusion-column-has-shadow fusion-flex-justify-content-flex-start fusion-content-layout-column\"><div class=\"fusion-title title fusion-title-1 fusion-sep-none fusion-title-text fusion-title-size-one\"><h1 class=\"fusion-title-heading title-heading-left\" style=\"margin:0;\">Didier Ramon<\/h1><\/div><div class=\"fusion-builder-row fusion-builder-row-inner fusion-row fusion-flex-align-items-flex-start fusion-flex-content-wrap\" style=\"width:102% !important;max-width:102% !important;margin-left: calc(-2% \/ 2 );margin-right: calc(-2% \/ 2 );\"><div class=\"fusion-layout-column fusion_builder_column_inner fusion-builder-nested-column-1 fusion_builder_column_inner_1_1 1_1 fusion-flex-column\" style=\"--awb-overflow:hidden;--awb-bg-color:var(--awb-custom_color_1);--awb-bg-color-hover:var(--awb-custom_color_1);--awb-bg-size:cover;--awb-border-radius:15px 15px 15px 15px;--awb-width-large:100%;--awb-margin-top-large:0px;--awb-spacing-right-large:0.98%;--awb-margin-bottom-large:0px;--awb-spacing-left-large:0.98%;--awb-width-medium:100%;--awb-order-medium:0;--awb-spacing-right-medium:0.98%;--awb-spacing-left-medium:0.98%;--awb-width-small:100%;--awb-order-small:0;--awb-spacing-right-small:0.98%;--awb-spacing-left-small:0.98%;\"><div class=\"fusion-column-wrapper fusion-column-has-shadow fusion-flex-justify-content-flex-start fusion-content-layout-column\"><div class=\"fusion-title title fusion-title-2 fusion-sep-none fusion-title-text fusion-title-size-two\"><h2 class=\"fusion-title-heading title-heading-left\" style=\"margin:0;\">PhD Physics, Founder, CEO, Studies, R&amp;D<\/h2><\/div><div class=\"fusion-text fusion-text-1\" style=\"--awb-content-alignment:justify;\"><p>His research experience encompass aerosols and trace gases remote sensing from ground and space, atmospheric corrections for ocean and land remote sensing and associated radiative transfer code and inverse methods development. He is the founder and CEO of HYGEOS.<\/p>\n<p>He works on algorithm and products development as well as sensor design and calibration. He is the main contributor to <a href=\"https:\/\/hygeos.com\/en\/smart-g\/\">SMART-G<\/a> software. He is also member of the MERIS Quality Working Group and Sentinel 3 Mission Performance Center, as expert on atmospheric correction for optical surface reflectances retrieval.<\/p>\n<ul>\n<li><strong>Since 2001<\/strong> : Founder, CEO of HYGEOS<\/li>\n<li><strong>1995-2001<\/strong> : Post doctoral fellow at Service d&#8217;A\u00e9ronomie du CNRS, Universit\u00e9 de Lille 1 and Universit\u00e9 du Littoral<\/li>\n<li><strong>1995<\/strong> : PhD, stratospheric aerosols remote sensing via balloon borne experiment (Universit\u00e9 de Lille 1)<\/li>\n<\/ul>\n<\/div><\/div><\/div><\/div><div class=\"fusion-social-links fusion-social-links-1\" style=\"--awb-margin-top:0px;--awb-margin-right:0px;--awb-margin-bottom:0px;--awb-margin-left:0px;--awb-box-border-top:0px;--awb-box-border-right:0px;--awb-box-border-bottom:0px;--awb-box-border-left:0px;--awb-icon-colors-hover:var(--awb-color4);--awb-box-colors-hover:var(--awb-color1);--awb-box-border-color:var(--awb-color3);--awb-box-border-color-hover:var(--awb-color4);\"><div class=\"fusion-social-networks color-type-custom\"><div class=\"fusion-social-networks-wrapper\"><a class=\"fusion-social-network-icon fusion-tooltip fusion-linkedin awb-icon-linkedin\" style=\"color:var(--awb-color7);font-size:16px;\" data-placement=\"top\" data-title=\"LinkedIn\" data-toggle=\"tooltip\" title=\"LinkedIn\" aria-label=\"linkedin\" target=\"_blank\" rel=\"noopener noreferrer\" href=\"https:\/\/www.linkedin.com\/in\/didierramon\/\"><\/a><\/div><\/div><\/div><\/div><\/div><\/div><\/div>\n","protected":false},"excerpt":{"rendered":"","protected":false},"author":3,"featured_media":0,"parent":246,"menu_order":0,"comment_status":"closed","ping_status":"closed","template":"100-width.php","meta":{"footnotes":""},"class_list":["post-281","page","type-page","status-publish","hentry"],"yoast_head":"<!-- This site is optimized with the Yoast SEO plugin v27.4 - https:\/\/yoast.com\/product\/yoast-seo-wordpress\/ -->\n<title>Didier Ramon - Hygeos<\/title>\n<meta name=\"description\" content=\"Didier Ramon&#039;s expertise and role in HYGEOS team\" \/>\n<meta name=\"robots\" content=\"index, follow, max-snippet:-1, max-image-preview:large, max-video-preview:-1\" \/>\n<link rel=\"canonical\" href=\"https:\/\/hygeos.com\/en\/team\/didier-ramon\/\" \/>\n<meta property=\"og:locale\" content=\"en_US\" \/>\n<meta property=\"og:type\" content=\"article\" \/>\n<meta property=\"og:title\" content=\"Didier Ramon - Hygeos\" \/>\n<meta property=\"og:description\" content=\"Didier Ramon&#039;s expertise and role in HYGEOS team\" \/>\n<meta property=\"og:url\" content=\"https:\/\/hygeos.com\/en\/team\/didier-ramon\/\" \/>\n<meta property=\"og:site_name\" content=\"Hygeos\" \/>\n<meta property=\"article:modified_time\" content=\"2024-03-22T11:13:29+00:00\" \/>\n<meta name=\"twitter:card\" content=\"summary_large_image\" \/>\n<meta name=\"twitter:label1\" content=\"Est. reading time\" \/>\n\t<meta name=\"twitter:data1\" content=\"1 minute\" \/>\n<script type=\"application\/ld+json\" class=\"yoast-schema-graph\">{\"@context\":\"https:\\\/\\\/schema.org\",\"@graph\":[{\"@type\":\"WebPage\",\"@id\":\"https:\\\/\\\/hygeos.com\\\/en\\\/team\\\/didier-ramon\\\/\",\"url\":\"https:\\\/\\\/hygeos.com\\\/en\\\/team\\\/didier-ramon\\\/\",\"name\":\"Didier Ramon - Hygeos\",\"isPartOf\":{\"@id\":\"https:\\\/\\\/hygeos.com\\\/en\\\/#website\"},\"datePublished\":\"2023-02-16T10:31:32+00:00\",\"dateModified\":\"2024-03-22T11:13:29+00:00\",\"description\":\"Didier Ramon's expertise and role in HYGEOS team\",\"breadcrumb\":{\"@id\":\"https:\\\/\\\/hygeos.com\\\/en\\\/team\\\/didier-ramon\\\/#breadcrumb\"},\"inLanguage\":\"en-US\",\"potentialAction\":[{\"@type\":\"ReadAction\",\"target\":[\"https:\\\/\\\/hygeos.com\\\/en\\\/team\\\/didier-ramon\\\/\"]}]},{\"@type\":\"BreadcrumbList\",\"@id\":\"https:\\\/\\\/hygeos.com\\\/en\\\/team\\\/didier-ramon\\\/#breadcrumb\",\"itemListElement\":[{\"@type\":\"ListItem\",\"position\":1,\"name\":\"Home\",\"item\":\"https:\\\/\\\/hygeos.com\\\/en\\\/\"},{\"@type\":\"ListItem\",\"position\":2,\"name\":\"HYGEOS team\",\"item\":\"https:\\\/\\\/hygeos.com\\\/en\\\/team\\\/\"},{\"@type\":\"ListItem\",\"position\":3,\"name\":\"Didier Ramon\"}]},{\"@type\":\"WebSite\",\"@id\":\"https:\\\/\\\/hygeos.com\\\/en\\\/#website\",\"url\":\"https:\\\/\\\/hygeos.com\\\/en\\\/\",\"name\":\"hygeos.com\",\"description\":\"\",\"publisher\":{\"@id\":\"https:\\\/\\\/hygeos.com\\\/en\\\/#organization\"},\"potentialAction\":[{\"@type\":\"SearchAction\",\"target\":{\"@type\":\"EntryPoint\",\"urlTemplate\":\"https:\\\/\\\/hygeos.com\\\/en\\\/?s={search_term_string}\"},\"query-input\":{\"@type\":\"PropertyValueSpecification\",\"valueRequired\":true,\"valueName\":\"search_term_string\"}}],\"inLanguage\":\"en-US\"},{\"@type\":\"Organization\",\"@id\":\"https:\\\/\\\/hygeos.com\\\/en\\\/#organization\",\"name\":\"hygeos.com\",\"url\":\"https:\\\/\\\/hygeos.com\\\/en\\\/\",\"logo\":{\"@type\":\"ImageObject\",\"inLanguage\":\"en-US\",\"@id\":\"https:\\\/\\\/hygeos.com\\\/en\\\/#\\\/schema\\\/logo\\\/image\\\/\",\"url\":\"https:\\\/\\\/hygeos.com\\\/wp-content\\\/uploads\\\/2023\\\/02\\\/logo-Hygeos-fond-blanc-e1678721624255.webp\",\"contentUrl\":\"https:\\\/\\\/hygeos.com\\\/wp-content\\\/uploads\\\/2023\\\/02\\\/logo-Hygeos-fond-blanc-e1678721624255.webp\",\"width\":200,\"height\":67,\"caption\":\"hygeos.com\"},\"image\":{\"@id\":\"https:\\\/\\\/hygeos.com\\\/en\\\/#\\\/schema\\\/logo\\\/image\\\/\"},\"sameAs\":[\"https:\\\/\\\/fr.linkedin.com\\\/company\\\/hygeos\"]}]}<\/script>\n<!-- \/ Yoast SEO plugin. -->","yoast_head_json":{"title":"Didier Ramon - Hygeos","description":"Didier Ramon's expertise and role in HYGEOS team","robots":{"index":"index","follow":"follow","max-snippet":"max-snippet:-1","max-image-preview":"max-image-preview:large","max-video-preview":"max-video-preview:-1"},"canonical":"https:\/\/hygeos.com\/en\/team\/didier-ramon\/","og_locale":"en_US","og_type":"article","og_title":"Didier Ramon - Hygeos","og_description":"Didier Ramon's expertise and role in HYGEOS team","og_url":"https:\/\/hygeos.com\/en\/team\/didier-ramon\/","og_site_name":"Hygeos","article_modified_time":"2024-03-22T11:13:29+00:00","twitter_card":"summary_large_image","twitter_misc":{"Est. reading time":"1 minute"},"schema":{"@context":"https:\/\/schema.org","@graph":[{"@type":"WebPage","@id":"https:\/\/hygeos.com\/en\/team\/didier-ramon\/","url":"https:\/\/hygeos.com\/en\/team\/didier-ramon\/","name":"Didier Ramon - Hygeos","isPartOf":{"@id":"https:\/\/hygeos.com\/en\/#website"},"datePublished":"2023-02-16T10:31:32+00:00","dateModified":"2024-03-22T11:13:29+00:00","description":"Didier Ramon's expertise and role in HYGEOS team","breadcrumb":{"@id":"https:\/\/hygeos.com\/en\/team\/didier-ramon\/#breadcrumb"},"inLanguage":"en-US","potentialAction":[{"@type":"ReadAction","target":["https:\/\/hygeos.com\/en\/team\/didier-ramon\/"]}]},{"@type":"BreadcrumbList","@id":"https:\/\/hygeos.com\/en\/team\/didier-ramon\/#breadcrumb","itemListElement":[{"@type":"ListItem","position":1,"name":"Home","item":"https:\/\/hygeos.com\/en\/"},{"@type":"ListItem","position":2,"name":"HYGEOS team","item":"https:\/\/hygeos.com\/en\/team\/"},{"@type":"ListItem","position":3,"name":"Didier Ramon"}]},{"@type":"WebSite","@id":"https:\/\/hygeos.com\/en\/#website","url":"https:\/\/hygeos.com\/en\/","name":"hygeos.com","description":"","publisher":{"@id":"https:\/\/hygeos.com\/en\/#organization"},"potentialAction":[{"@type":"SearchAction","target":{"@type":"EntryPoint","urlTemplate":"https:\/\/hygeos.com\/en\/?s={search_term_string}"},"query-input":{"@type":"PropertyValueSpecification","valueRequired":true,"valueName":"search_term_string"}}],"inLanguage":"en-US"},{"@type":"Organization","@id":"https:\/\/hygeos.com\/en\/#organization","name":"hygeos.com","url":"https:\/\/hygeos.com\/en\/","logo":{"@type":"ImageObject","inLanguage":"en-US","@id":"https:\/\/hygeos.com\/en\/#\/schema\/logo\/image\/","url":"https:\/\/hygeos.com\/wp-content\/uploads\/2023\/02\/logo-Hygeos-fond-blanc-e1678721624255.webp","contentUrl":"https:\/\/hygeos.com\/wp-content\/uploads\/2023\/02\/logo-Hygeos-fond-blanc-e1678721624255.webp","width":200,"height":67,"caption":"hygeos.com"},"image":{"@id":"https:\/\/hygeos.com\/en\/#\/schema\/logo\/image\/"},"sameAs":["https:\/\/fr.linkedin.com\/company\/hygeos"]}]}},"_links":{"self":[{"href":"https:\/\/hygeos.com\/en\/wp-json\/wp\/v2\/pages\/281","targetHints":{"allow":["GET"]}}],"collection":[{"href":"https:\/\/hygeos.com\/en\/wp-json\/wp\/v2\/pages"}],"about":[{"href":"https:\/\/hygeos.com\/en\/wp-json\/wp\/v2\/types\/page"}],"author":[{"embeddable":true,"href":"https:\/\/hygeos.com\/en\/wp-json\/wp\/v2\/users\/3"}],"replies":[{"embeddable":true,"href":"https:\/\/hygeos.com\/en\/wp-json\/wp\/v2\/comments?post=281"}],"version-history":[{"count":6,"href":"https:\/\/hygeos.com\/en\/wp-json\/wp\/v2\/pages\/281\/revisions"}],"predecessor-version":[{"id":4019,"href":"https:\/\/hygeos.com\/en\/wp-json\/wp\/v2\/pages\/281\/revisions\/4019"}],"up":[{"embeddable":true,"href":"https:\/\/hygeos.com\/en\/wp-json\/wp\/v2\/pages\/246"}],"wp:attachment":[{"href":"https:\/\/hygeos.com\/en\/wp-json\/wp\/v2\/media?parent=281"}],"curies":[{"name":"wp","href":"https:\/\/api.w.org\/{rel}","templated":true}]}}